{"id":72,"date":"2025-05-01T10:45:13","date_gmt":"2025-05-01T08:45:13","guid":{"rendered":"https:\/\/missionconclave.com\/es\/?page_id=72"},"modified":"2025-05-01T12:55:57","modified_gmt":"2025-05-01T10:55:57","slug":"quienes-somos","status":"publish","type":"page","link":"https:\/\/missionconclave.com\/es\/quienes-somos\/","title":{"rendered":"\u00bfQui\u00e9nes somos?"},"content":{"rendered":"<p><a href=\"http:\/\/www.lightsinthedark.info\"><img loading=\"lazy\" decoding=\"async\" class=\"wp-image-74 alignleft\" src=\"https:\/\/missionconclave.com\/es\/wp-content\/uploads\/2025\/05\/Logo-LITD-final-500x136.png\" alt=\"\" width=\"202\" height=\"55\" srcset=\"https:\/\/missionconclave.com\/es\/wp-content\/uploads\/2025\/05\/Logo-LITD-final-500x136.png 500w, https:\/\/missionconclave.com\/es\/wp-content\/uploads\/2025\/05\/Logo-LITD-final-1200x327.png 1200w, https:\/\/missionconclave.com\/es\/wp-content\/uploads\/2025\/05\/Logo-LITD-final-300x82.png 300w, https:\/\/missionconclave.com\/es\/wp-content\/uploads\/2025\/05\/Logo-LITD-final-768x209.png 768w, https:\/\/missionconclave.com\/es\/wp-content\/uploads\/2025\/05\/Logo-LITD-final-1536x418.png 1536w, https:\/\/missionconclave.com\/es\/wp-content\/uploads\/2025\/05\/Logo-LITD-final-2048x558.png 2048w, https:\/\/missionconclave.com\/es\/wp-content\/uploads\/2025\/05\/Logo-LITD-final-150x41.png 150w, https:\/\/missionconclave.com\/es\/wp-content\/uploads\/2025\/05\/Logo-LITD-final-480x131.png 480w\" sizes=\"auto, (max-width:767px) 202px, 202px\" \/><\/a>Esta plataforma est\u00e1 gestionada por la asociaci\u00f3n internacional Luces en la Oscuridad, que proclama la Buena Nueva en Internet y cuya misi\u00f3n ha sido <a href=\"https:\/\/www.lightsinthedark.info\/le-pape-nous-a-repondu\/\">alentada por el Papa Francisco<\/a>.<\/p>\n<p>La iniciativa existe desde el c\u00f3nclave de 2005 (env\u00edo de los nombres de los cardenales por correo electr\u00f3nico, \u00a1de forma bastante tediosa!), antes de que Luces en la Oscuridad la retomara de forma efectiva en 2013 con una plataforma dedicada (<a href=\"https:\/\/missionconclave.com\/es\/fioretti\/\">lea estos fioretti<\/a>).<\/p>\n<p>Para saber m\u00e1s, visite nuestro sitio web oficial: <a href=\"http:\/\/www.lightsinthedark.info\">www.lightsinthedark.info<\/a>.<\/p>\n<p>Y para compartir esta iniciativa: C<a href=\"https:\/\/missionconclave.com\/es\/compartir\/\">ompartir Misi\u00f3n c\u00f3nclave<\/a>.<\/p>\n","protected":false},"excerpt":{"rendered":"<p>Esta plataforma est\u00e1 gestionada por la asociaci\u00f3n internacional Luces en la Oscuridad, que proclama la Buena Nueva en Internet y cuya misi\u00f3n ha sido alentada por<span class=\"excerpt-hellip\"> [\u2026]<\/span><\/p>\n","protected":false},"author":1,"featured_media":-1,"parent":0,"menu_order":0,"comment_status":"closed","ping_status":"closed","template":"","meta":{"_monsterinsights_skip_tracking":false,"_monsterinsights_sitenote_active":false,"_monsterinsights_sitenote_note":"","_monsterinsights_sitenote_category":0,"_uf_show_specific_survey":0,"_uf_disable_surveys":false,"footnotes":""},"class_list":["post-72","page","type-page","status-publish","has-post-thumbnail","hentry"],"yoast_head":"<!-- This site is optimized with the Yoast SEO plugin v25.0 - https:\/\/yoast.com\/wordpress\/plugins\/seo\/ -->\n<title>\u00bfQui\u00e9nes somos? - Misi\u00f3n c\u00f3nclave<\/title>\n<meta name=\"robots\" content=\"index, follow, max-snippet:-1, max-image-preview:large, max-video-preview:-1\" \/>\n<link rel=\"canonical\" href=\"https:\/\/missionconclave.com\/es\/quienes-somos\/\" \/>\n<meta property=\"og:locale\" content=\"fr_FR\" \/>\n<meta property=\"og:type\" content=\"article\" \/>\n<meta property=\"og:title\" content=\"\u00bfQui\u00e9nes somos? - Misi\u00f3n c\u00f3nclave\" \/>\n<meta property=\"og:description\" content=\"Esta plataforma est\u00e1 gestionada por la asociaci\u00f3n internacional Luces en la Oscuridad, que proclama la Buena Nueva en Internet y cuya misi\u00f3n ha sido alentada por [\u2026]\" \/>\n<meta property=\"og:url\" content=\"https:\/\/missionconclave.com\/es\/quienes-somos\/\" \/>\n<meta property=\"og:site_name\" content=\"Misi\u00f3n c\u00f3nclave\" \/>\n<meta property=\"article:modified_time\" content=\"2025-05-01T10:55:57+00:00\" \/>\n<meta name=\"twitter:card\" content=\"summary_large_image\" \/>\n<meta name=\"twitter:label1\" content=\"Dur\u00e9e de lecture estim\u00e9e\" \/>\n\t<meta name=\"twitter:data1\" content=\"1 minute\" \/>\n<script type=\"application\/ld+json\" class=\"yoast-schema-graph\">{\"@context\":\"https:\/\/schema.org\",\"@graph\":[{\"@type\":\"WebPage\",\"@id\":\"https:\/\/missionconclave.com\/es\/quienes-somos\/\",\"url\":\"https:\/\/missionconclave.com\/es\/quienes-somos\/\",\"name\":\"\u00bfQui\u00e9nes somos? - Misi\u00f3n c\u00f3nclave\",\"isPartOf\":{\"@id\":\"https:\/\/missionconclave.com\/es\/#website\"},\"primaryImageOfPage\":{\"@id\":\"https:\/\/missionconclave.com\/es\/quienes-somos\/#primaryimage\"},\"image\":{\"@id\":\"https:\/\/missionconclave.com\/es\/quienes-somos\/#primaryimage\"},\"thumbnailUrl\":\"https:\/\/missionconclave.com\/es\/wp-content\/uploads\/2025\/05\/Logo-LITD-final-500x136.png\",\"datePublished\":\"2025-05-01T08:45:13+00:00\",\"dateModified\":\"2025-05-01T10:55:57+00:00\",\"breadcrumb\":{\"@id\":\"https:\/\/missionconclave.com\/es\/quienes-somos\/#breadcrumb\"},\"inLanguage\":\"fr-FR\",\"potentialAction\":[{\"@type\":\"ReadAction\",\"target\":[\"https:\/\/missionconclave.com\/es\/quienes-somos\/\"]}]},{\"@type\":\"ImageObject\",\"inLanguage\":\"fr-FR\",\"@id\":\"https:\/\/missionconclave.com\/es\/quienes-somos\/#primaryimage\",\"url\":\"https:\/\/missionconclave.com\/es\/wp-content\/uploads\/2025\/05\/Logo-LITD-final-scaled.png\",\"contentUrl\":\"https:\/\/missionconclave.com\/es\/wp-content\/uploads\/2025\/05\/Logo-LITD-final-scaled.png\",\"width\":2560,\"height\":697},{\"@type\":\"BreadcrumbList\",\"@id\":\"https:\/\/missionconclave.com\/es\/quienes-somos\/#breadcrumb\",\"itemListElement\":[{\"@type\":\"ListItem\",\"position\":1,\"name\":\"Accueil\",\"item\":\"https:\/\/missionconclave.com\/es\/\"},{\"@type\":\"ListItem\",\"position\":2,\"name\":\"\u00bfQui\u00e9nes somos?\"}]},{\"@type\":\"WebSite\",\"@id\":\"https:\/\/missionconclave.com\/es\/#website\",\"url\":\"https:\/\/missionconclave.com\/es\/\",\"name\":\"Misi\u00f3n c\u00f3nclave\",\"description\":\"Reciba el nombre de un cardenal y rece por \u00e9l\",\"potentialAction\":[{\"@type\":\"SearchAction\",\"target\":{\"@type\":\"EntryPoint\",\"urlTemplate\":\"https:\/\/missionconclave.com\/es\/?s={search_term_string}\"},\"query-input\":{\"@type\":\"PropertyValueSpecification\",\"valueRequired\":true,\"valueName\":\"search_term_string\"}}],\"inLanguage\":\"fr-FR\"}]}<\/script>\n<!-- \/ Yoast SEO plugin. -->","yoast_head_json":{"title":"\u00bfQui\u00e9nes somos? - Misi\u00f3n c\u00f3nclave","robots":{"index":"index","follow":"follow","max-snippet":"max-snippet:-1","max-image-preview":"max-image-preview:large","max-video-preview":"max-video-preview:-1"},"canonical":"https:\/\/missionconclave.com\/es\/quienes-somos\/","og_locale":"fr_FR","og_type":"article","og_title":"\u00bfQui\u00e9nes somos? - Misi\u00f3n c\u00f3nclave","og_description":"Esta plataforma est\u00e1 gestionada por la asociaci\u00f3n internacional Luces en la Oscuridad, que proclama la Buena Nueva en Internet y cuya misi\u00f3n ha sido alentada por [\u2026]","og_url":"https:\/\/missionconclave.com\/es\/quienes-somos\/","og_site_name":"Misi\u00f3n c\u00f3nclave","article_modified_time":"2025-05-01T10:55:57+00:00","twitter_card":"summary_large_image","twitter_misc":{"Dur\u00e9e de lecture estim\u00e9e":"1 minute"},"schema":{"@context":"https:\/\/schema.org","@graph":[{"@type":"WebPage","@id":"https:\/\/missionconclave.com\/es\/quienes-somos\/","url":"https:\/\/missionconclave.com\/es\/quienes-somos\/","name":"\u00bfQui\u00e9nes somos? - Misi\u00f3n c\u00f3nclave","isPartOf":{"@id":"https:\/\/missionconclave.com\/es\/#website"},"primaryImageOfPage":{"@id":"https:\/\/missionconclave.com\/es\/quienes-somos\/#primaryimage"},"image":{"@id":"https:\/\/missionconclave.com\/es\/quienes-somos\/#primaryimage"},"thumbnailUrl":"https:\/\/missionconclave.com\/es\/wp-content\/uploads\/2025\/05\/Logo-LITD-final-500x136.png","datePublished":"2025-05-01T08:45:13+00:00","dateModified":"2025-05-01T10:55:57+00:00","breadcrumb":{"@id":"https:\/\/missionconclave.com\/es\/quienes-somos\/#breadcrumb"},"inLanguage":"fr-FR","potentialAction":[{"@type":"ReadAction","target":["https:\/\/missionconclave.com\/es\/quienes-somos\/"]}]},{"@type":"ImageObject","inLanguage":"fr-FR","@id":"https:\/\/missionconclave.com\/es\/quienes-somos\/#primaryimage","url":"https:\/\/missionconclave.com\/es\/wp-content\/uploads\/2025\/05\/Logo-LITD-final-scaled.png","contentUrl":"https:\/\/missionconclave.com\/es\/wp-content\/uploads\/2025\/05\/Logo-LITD-final-scaled.png","width":2560,"height":697},{"@type":"BreadcrumbList","@id":"https:\/\/missionconclave.com\/es\/quienes-somos\/#breadcrumb","itemListElement":[{"@type":"ListItem","position":1,"name":"Accueil","item":"https:\/\/missionconclave.com\/es\/"},{"@type":"ListItem","position":2,"name":"\u00bfQui\u00e9nes somos?"}]},{"@type":"WebSite","@id":"https:\/\/missionconclave.com\/es\/#website","url":"https:\/\/missionconclave.com\/es\/","name":"Misi\u00f3n c\u00f3nclave","description":"Reciba el nombre de un cardenal y rece por \u00e9l","potentialAction":[{"@type":"SearchAction","target":{"@type":"EntryPoint","urlTemplate":"https:\/\/missionconclave.com\/es\/?s={search_term_string}"},"query-input":{"@type":"PropertyValueSpecification","valueRequired":true,"valueName":"search_term_string"}}],"inLanguage":"fr-FR"}]}},"_links":{"self":[{"href":"https:\/\/missionconclave.com\/es\/wp-json\/wp\/v2\/pages\/72","targetHints":{"allow":["GET"]}}],"collection":[{"href":"https:\/\/missionconclave.com\/es\/wp-json\/wp\/v2\/pages"}],"about":[{"href":"https:\/\/missionconclave.com\/es\/wp-json\/wp\/v2\/types\/page"}],"author":[{"embeddable":true,"href":"https:\/\/missionconclave.com\/es\/wp-json\/wp\/v2\/users\/1"}],"replies":[{"embeddable":true,"href":"https:\/\/missionconclave.com\/es\/wp-json\/wp\/v2\/comments?post=72"}],"version-history":[{"count":3,"href":"https:\/\/missionconclave.com\/es\/wp-json\/wp\/v2\/pages\/72\/revisions"}],"predecessor-version":[{"id":94,"href":"https:\/\/missionconclave.com\/es\/wp-json\/wp\/v2\/pages\/72\/revisions\/94"}],"wp:featuredmedia":[{"embeddable":true,"href":"https:\/\/missionconclave.com\/es\/wp-json\/"}],"wp:attachment":[{"href":"https:\/\/missionconclave.com\/es\/wp-json\/wp\/v2\/media?parent=72"}],"curies":[{"name":"wp","href":"https:\/\/api.w.org\/{rel}","templated":true}]}}