{"id":65,"date":"2025-05-01T10:38:06","date_gmt":"2025-05-01T08:38:06","guid":{"rendered":"https:\/\/missionconclave.com\/es\/?page_id=65"},"modified":"2025-05-01T12:27:20","modified_gmt":"2025-05-01T10:27:20","slug":"compartir","status":"publish","type":"page","link":"https:\/\/missionconclave.com\/es\/compartir\/","title":{"rendered":"Compartir"},"content":{"rendered":"<h3>1. Comparte el correo electr\u00f3nico que has recibido con tus amigos y diles: \u00ab\u00bfY t\u00fa?<\/h3>\n<p>Depende de ti!<\/p>\n<h3>2. Comparte estas im\u00e1genes en las redes sociales con un enlace al sitio web:<\/h3>\n<p><img loading=\"lazy\" decoding=\"async\" class=\"alignnone wp-image-89 size-full\" src=\"https:\/\/missionconclave.com\/es\/wp-content\/uploads\/2025\/05\/Banniere-missionconclave.png\" alt=\"\" width=\"990\" height=\"365\" srcset=\"https:\/\/missionconclave.com\/es\/wp-content\/uploads\/2025\/05\/Banniere-missionconclave.png 990w, https:\/\/missionconclave.com\/es\/wp-content\/uploads\/2025\/05\/Banniere-missionconclave-500x184.png 500w, https:\/\/missionconclave.com\/es\/wp-content\/uploads\/2025\/05\/Banniere-missionconclave-300x111.png 300w, https:\/\/missionconclave.com\/es\/wp-content\/uploads\/2025\/05\/Banniere-missionconclave-768x283.png 768w, https:\/\/missionconclave.com\/es\/wp-content\/uploads\/2025\/05\/Banniere-missionconclave-150x55.png 150w, https:\/\/missionconclave.com\/es\/wp-content\/uploads\/2025\/05\/Banniere-missionconclave-480x177.png 480w\" sizes=\"auto, (max-width:767px) 480px, (max-width:990px) 100vw, 990px\" \/><\/p>\n<p><img loading=\"lazy\" decoding=\"async\" class=\"alignnone wp-image-87 \" src=\"https:\/\/missionconclave.com\/es\/wp-content\/uploads\/2025\/05\/Mission-Conclave-2.png\" alt=\"\" width=\"974\" height=\"548\" srcset=\"https:\/\/missionconclave.com\/es\/wp-content\/uploads\/2025\/05\/Mission-Conclave-2.png 1250w, https:\/\/missionconclave.com\/es\/wp-content\/uploads\/2025\/05\/Mission-Conclave-2-500x281.png 500w, https:\/\/missionconclave.com\/es\/wp-content\/uploads\/2025\/05\/Mission-Conclave-2-1200x675.png 1200w, https:\/\/missionconclave.com\/es\/wp-content\/uploads\/2025\/05\/Mission-Conclave-2-300x169.png 300w, https:\/\/missionconclave.com\/es\/wp-content\/uploads\/2025\/05\/Mission-Conclave-2-768x432.png 768w, https:\/\/missionconclave.com\/es\/wp-content\/uploads\/2025\/05\/Mission-Conclave-2-133x75.png 133w, https:\/\/missionconclave.com\/es\/wp-content\/uploads\/2025\/05\/Mission-Conclave-2-480x270.png 480w\" sizes=\"auto, (max-width:767px) 480px, (max-width:974px) 100vw, 974px\" \/><\/p>\n<h3><\/h3>\n<h3>3. Tambi\u00e9n puede integrar el formulario para recibir el nombre de un cardenal directamente en su sitio web:<\/h3>\n<p>&lt;iframe src=\u00a0\u00bbhttps:\/\/docs.google.com\/forms\/d\/e\/1FAIpQLSd0ihuxhxgMDVjExQYTlELmsKYsCQD2rgNbT9_Frc6T0ol23Q\/viewform?embedded=true\u00a0\u00bb width=\u00a0\u00bb640&Prime; height=\u00a0\u00bb1339&Prime; frameborder=\u00a0\u00bb0&Prime; marginheight=\u00a0\u00bb0&Prime; marginwidth=\u00a0\u00bb0&Prime;&gt;Loading\u2026&lt;\/iframe&gt;<\/p>\n","protected":false},"excerpt":{"rendered":"<p>1. Comparte el correo electr\u00f3nico que has recibido con tus amigos y diles: \u00ab\u00bfY t\u00fa? Depende de ti! 2. Comparte estas im\u00e1genes en las redes sociales<span class=\"excerpt-hellip\"> [\u2026]<\/span><\/p>\n","protected":false},"author":1,"featured_media":-1,"parent":0,"menu_order":0,"comment_status":"closed","ping_status":"closed","template":"","meta":{"_monsterinsights_skip_tracking":false,"_monsterinsights_sitenote_active":false,"_monsterinsights_sitenote_note":"","_monsterinsights_sitenote_category":0,"_uf_show_specific_survey":0,"_uf_disable_surveys":false,"footnotes":""},"class_list":["post-65","page","type-page","status-publish","has-post-thumbnail","hentry"],"yoast_head":"<!-- This site is optimized with the Yoast SEO plugin v25.0 - https:\/\/yoast.com\/wordpress\/plugins\/seo\/ -->\n<title>Compartir - Misi\u00f3n c\u00f3nclave<\/title>\n<meta name=\"robots\" content=\"index, follow, max-snippet:-1, max-image-preview:large, max-video-preview:-1\" \/>\n<link rel=\"canonical\" href=\"https:\/\/missionconclave.com\/es\/compartir\/\" \/>\n<meta property=\"og:locale\" content=\"fr_FR\" \/>\n<meta property=\"og:type\" content=\"article\" \/>\n<meta property=\"og:title\" content=\"Compartir - Misi\u00f3n c\u00f3nclave\" \/>\n<meta property=\"og:description\" content=\"1. Comparte el correo electr\u00f3nico que has recibido con tus amigos y diles: \u00ab\u00bfY t\u00fa? Depende de ti! 2. Comparte estas im\u00e1genes en las redes sociales [\u2026]\" \/>\n<meta property=\"og:url\" content=\"https:\/\/missionconclave.com\/es\/compartir\/\" \/>\n<meta property=\"og:site_name\" content=\"Misi\u00f3n c\u00f3nclave\" \/>\n<meta property=\"article:modified_time\" content=\"2025-05-01T10:27:20+00:00\" \/>\n<meta name=\"twitter:card\" content=\"summary_large_image\" \/>\n<meta name=\"twitter:label1\" content=\"Dur\u00e9e de lecture estim\u00e9e\" \/>\n\t<meta name=\"twitter:data1\" content=\"1 minute\" \/>\n<script type=\"application\/ld+json\" class=\"yoast-schema-graph\">{\"@context\":\"https:\/\/schema.org\",\"@graph\":[{\"@type\":\"WebPage\",\"@id\":\"https:\/\/missionconclave.com\/es\/compartir\/\",\"url\":\"https:\/\/missionconclave.com\/es\/compartir\/\",\"name\":\"Compartir - Misi\u00f3n c\u00f3nclave\",\"isPartOf\":{\"@id\":\"https:\/\/missionconclave.com\/es\/#website\"},\"primaryImageOfPage\":{\"@id\":\"https:\/\/missionconclave.com\/es\/compartir\/#primaryimage\"},\"image\":{\"@id\":\"https:\/\/missionconclave.com\/es\/compartir\/#primaryimage\"},\"thumbnailUrl\":\"https:\/\/missionconclave.com\/es\/wp-content\/uploads\/2025\/05\/Banniere-missionconclave.png\",\"datePublished\":\"2025-05-01T08:38:06+00:00\",\"dateModified\":\"2025-05-01T10:27:20+00:00\",\"breadcrumb\":{\"@id\":\"https:\/\/missionconclave.com\/es\/compartir\/#breadcrumb\"},\"inLanguage\":\"fr-FR\",\"potentialAction\":[{\"@type\":\"ReadAction\",\"target\":[\"https:\/\/missionconclave.com\/es\/compartir\/\"]}]},{\"@type\":\"ImageObject\",\"inLanguage\":\"fr-FR\",\"@id\":\"https:\/\/missionconclave.com\/es\/compartir\/#primaryimage\",\"url\":\"https:\/\/missionconclave.com\/es\/wp-content\/uploads\/2025\/05\/Banniere-missionconclave.png\",\"contentUrl\":\"https:\/\/missionconclave.com\/es\/wp-content\/uploads\/2025\/05\/Banniere-missionconclave.png\",\"width\":990,\"height\":365},{\"@type\":\"BreadcrumbList\",\"@id\":\"https:\/\/missionconclave.com\/es\/compartir\/#breadcrumb\",\"itemListElement\":[{\"@type\":\"ListItem\",\"position\":1,\"name\":\"Accueil\",\"item\":\"https:\/\/missionconclave.com\/es\/\"},{\"@type\":\"ListItem\",\"position\":2,\"name\":\"Compartir\"}]},{\"@type\":\"WebSite\",\"@id\":\"https:\/\/missionconclave.com\/es\/#website\",\"url\":\"https:\/\/missionconclave.com\/es\/\",\"name\":\"Misi\u00f3n c\u00f3nclave\",\"description\":\"Reciba el nombre de un cardenal y rece por \u00e9l\",\"potentialAction\":[{\"@type\":\"SearchAction\",\"target\":{\"@type\":\"EntryPoint\",\"urlTemplate\":\"https:\/\/missionconclave.com\/es\/?s={search_term_string}\"},\"query-input\":{\"@type\":\"PropertyValueSpecification\",\"valueRequired\":true,\"valueName\":\"search_term_string\"}}],\"inLanguage\":\"fr-FR\"}]}<\/script>\n<!-- \/ Yoast SEO plugin. -->","yoast_head_json":{"title":"Compartir - Misi\u00f3n c\u00f3nclave","robots":{"index":"index","follow":"follow","max-snippet":"max-snippet:-1","max-image-preview":"max-image-preview:large","max-video-preview":"max-video-preview:-1"},"canonical":"https:\/\/missionconclave.com\/es\/compartir\/","og_locale":"fr_FR","og_type":"article","og_title":"Compartir - Misi\u00f3n c\u00f3nclave","og_description":"1. Comparte el correo electr\u00f3nico que has recibido con tus amigos y diles: \u00ab\u00bfY t\u00fa? Depende de ti! 2. Comparte estas im\u00e1genes en las redes sociales [\u2026]","og_url":"https:\/\/missionconclave.com\/es\/compartir\/","og_site_name":"Misi\u00f3n c\u00f3nclave","article_modified_time":"2025-05-01T10:27:20+00:00","twitter_card":"summary_large_image","twitter_misc":{"Dur\u00e9e de lecture estim\u00e9e":"1 minute"},"schema":{"@context":"https:\/\/schema.org","@graph":[{"@type":"WebPage","@id":"https:\/\/missionconclave.com\/es\/compartir\/","url":"https:\/\/missionconclave.com\/es\/compartir\/","name":"Compartir - Misi\u00f3n c\u00f3nclave","isPartOf":{"@id":"https:\/\/missionconclave.com\/es\/#website"},"primaryImageOfPage":{"@id":"https:\/\/missionconclave.com\/es\/compartir\/#primaryimage"},"image":{"@id":"https:\/\/missionconclave.com\/es\/compartir\/#primaryimage"},"thumbnailUrl":"https:\/\/missionconclave.com\/es\/wp-content\/uploads\/2025\/05\/Banniere-missionconclave.png","datePublished":"2025-05-01T08:38:06+00:00","dateModified":"2025-05-01T10:27:20+00:00","breadcrumb":{"@id":"https:\/\/missionconclave.com\/es\/compartir\/#breadcrumb"},"inLanguage":"fr-FR","potentialAction":[{"@type":"ReadAction","target":["https:\/\/missionconclave.com\/es\/compartir\/"]}]},{"@type":"ImageObject","inLanguage":"fr-FR","@id":"https:\/\/missionconclave.com\/es\/compartir\/#primaryimage","url":"https:\/\/missionconclave.com\/es\/wp-content\/uploads\/2025\/05\/Banniere-missionconclave.png","contentUrl":"https:\/\/missionconclave.com\/es\/wp-content\/uploads\/2025\/05\/Banniere-missionconclave.png","width":990,"height":365},{"@type":"BreadcrumbList","@id":"https:\/\/missionconclave.com\/es\/compartir\/#breadcrumb","itemListElement":[{"@type":"ListItem","position":1,"name":"Accueil","item":"https:\/\/missionconclave.com\/es\/"},{"@type":"ListItem","position":2,"name":"Compartir"}]},{"@type":"WebSite","@id":"https:\/\/missionconclave.com\/es\/#website","url":"https:\/\/missionconclave.com\/es\/","name":"Misi\u00f3n c\u00f3nclave","description":"Reciba el nombre de un cardenal y rece por \u00e9l","potentialAction":[{"@type":"SearchAction","target":{"@type":"EntryPoint","urlTemplate":"https:\/\/missionconclave.com\/es\/?s={search_term_string}"},"query-input":{"@type":"PropertyValueSpecification","valueRequired":true,"valueName":"search_term_string"}}],"inLanguage":"fr-FR"}]}},"_links":{"self":[{"href":"https:\/\/missionconclave.com\/es\/wp-json\/wp\/v2\/pages\/65","targetHints":{"allow":["GET"]}}],"collection":[{"href":"https:\/\/missionconclave.com\/es\/wp-json\/wp\/v2\/pages"}],"about":[{"href":"https:\/\/missionconclave.com\/es\/wp-json\/wp\/v2\/types\/page"}],"author":[{"embeddable":true,"href":"https:\/\/missionconclave.com\/es\/wp-json\/wp\/v2\/users\/1"}],"replies":[{"embeddable":true,"href":"https:\/\/missionconclave.com\/es\/wp-json\/wp\/v2\/comments?post=65"}],"version-history":[{"count":4,"href":"https:\/\/missionconclave.com\/es\/wp-json\/wp\/v2\/pages\/65\/revisions"}],"predecessor-version":[{"id":91,"href":"https:\/\/missionconclave.com\/es\/wp-json\/wp\/v2\/pages\/65\/revisions\/91"}],"wp:featuredmedia":[{"embeddable":true,"href":"https:\/\/missionconclave.com\/es\/wp-json\/"}],"wp:attachment":[{"href":"https:\/\/missionconclave.com\/es\/wp-json\/wp\/v2\/media?parent=65"}],"curies":[{"name":"wp","href":"https:\/\/api.w.org\/{rel}","templated":true}]}}