{"id":59,"date":"2025-05-01T10:34:53","date_gmt":"2025-05-01T08:34:53","guid":{"rendered":"https:\/\/missionconclave.com\/es\/?page_id=59"},"modified":"2025-05-01T10:34:53","modified_gmt":"2025-05-01T08:34:53","slug":"rezar-por-un-cardenal","status":"publish","type":"page","link":"https:\/\/missionconclave.com\/es\/rezar-por-un-cardenal\/","title":{"rendered":"Rezar por un cardenal"},"content":{"rendered":"<p><iframe loading=\"lazy\" src=\"https:\/\/docs.google.com\/forms\/d\/e\/1FAIpQLSd0ihuxhxgMDVjExQYTlELmsKYsCQD2rgNbT9_Frc6T0ol23Q\/viewform?embedded=true\" width=\"640\" height=\"1339\" frameborder=\"0\" marginheight=\"0\" marginwidth=\"0\">Loading\u2026<\/iframe><\/p>\n","protected":false},"excerpt":{"rendered":"<p>Loading\u2026<\/p>\n","protected":false},"author":1,"featured_media":-1,"parent":0,"menu_order":0,"comment_status":"closed","ping_status":"closed","template":"","meta":{"_monsterinsights_skip_tracking":false,"_monsterinsights_sitenote_active":false,"_monsterinsights_sitenote_note":"","_monsterinsights_sitenote_category":0,"_uf_show_specific_survey":0,"_uf_disable_surveys":false,"footnotes":""},"class_list":["post-59","page","type-page","status-publish","has-post-thumbnail","hentry"],"yoast_head":"<!-- This site is optimized with the Yoast SEO plugin v25.0 - https:\/\/yoast.com\/wordpress\/plugins\/seo\/ -->\n<title>Rezar por un cardenal - Misi\u00f3n c\u00f3nclave<\/title>\n<meta name=\"robots\" content=\"index, follow, max-snippet:-1, max-image-preview:large, max-video-preview:-1\" \/>\n<link rel=\"canonical\" href=\"https:\/\/missionconclave.com\/es\/rezar-por-un-cardenal\/\" \/>\n<meta property=\"og:locale\" content=\"fr_FR\" \/>\n<meta property=\"og:type\" content=\"article\" \/>\n<meta property=\"og:title\" content=\"Rezar por un cardenal - Misi\u00f3n c\u00f3nclave\" \/>\n<meta property=\"og:description\" content=\"Loading\u2026\" \/>\n<meta property=\"og:url\" content=\"https:\/\/missionconclave.com\/es\/rezar-por-un-cardenal\/\" \/>\n<meta property=\"og:site_name\" content=\"Misi\u00f3n c\u00f3nclave\" \/>\n<meta name=\"twitter:card\" content=\"summary_large_image\" \/>\n<script type=\"application\/ld+json\" class=\"yoast-schema-graph\">{\"@context\":\"https:\/\/schema.org\",\"@graph\":[{\"@type\":\"WebPage\",\"@id\":\"https:\/\/missionconclave.com\/es\/rezar-por-un-cardenal\/\",\"url\":\"https:\/\/missionconclave.com\/es\/rezar-por-un-cardenal\/\",\"name\":\"Rezar por un cardenal - Misi\u00f3n c\u00f3nclave\",\"isPartOf\":{\"@id\":\"https:\/\/missionconclave.com\/es\/#website\"},\"datePublished\":\"2025-05-01T08:34:53+00:00\",\"breadcrumb\":{\"@id\":\"https:\/\/missionconclave.com\/es\/rezar-por-un-cardenal\/#breadcrumb\"},\"inLanguage\":\"fr-FR\",\"potentialAction\":[{\"@type\":\"ReadAction\",\"target\":[\"https:\/\/missionconclave.com\/es\/rezar-por-un-cardenal\/\"]}]},{\"@type\":\"BreadcrumbList\",\"@id\":\"https:\/\/missionconclave.com\/es\/rezar-por-un-cardenal\/#breadcrumb\",\"itemListElement\":[{\"@type\":\"ListItem\",\"position\":1,\"name\":\"Accueil\",\"item\":\"https:\/\/missionconclave.com\/es\/\"},{\"@type\":\"ListItem\",\"position\":2,\"name\":\"Rezar por un cardenal\"}]},{\"@type\":\"WebSite\",\"@id\":\"https:\/\/missionconclave.com\/es\/#website\",\"url\":\"https:\/\/missionconclave.com\/es\/\",\"name\":\"Misi\u00f3n c\u00f3nclave\",\"description\":\"Reciba el nombre de un cardenal y rece por \u00e9l\",\"potentialAction\":[{\"@type\":\"SearchAction\",\"target\":{\"@type\":\"EntryPoint\",\"urlTemplate\":\"https:\/\/missionconclave.com\/es\/?s={search_term_string}\"},\"query-input\":{\"@type\":\"PropertyValueSpecification\",\"valueRequired\":true,\"valueName\":\"search_term_string\"}}],\"inLanguage\":\"fr-FR\"}]}<\/script>\n<!-- \/ Yoast SEO plugin. -->","yoast_head_json":{"title":"Rezar por un cardenal - Misi\u00f3n c\u00f3nclave","robots":{"index":"index","follow":"follow","max-snippet":"max-snippet:-1","max-image-preview":"max-image-preview:large","max-video-preview":"max-video-preview:-1"},"canonical":"https:\/\/missionconclave.com\/es\/rezar-por-un-cardenal\/","og_locale":"fr_FR","og_type":"article","og_title":"Rezar por un cardenal - Misi\u00f3n c\u00f3nclave","og_description":"Loading\u2026","og_url":"https:\/\/missionconclave.com\/es\/rezar-por-un-cardenal\/","og_site_name":"Misi\u00f3n c\u00f3nclave","twitter_card":"summary_large_image","schema":{"@context":"https:\/\/schema.org","@graph":[{"@type":"WebPage","@id":"https:\/\/missionconclave.com\/es\/rezar-por-un-cardenal\/","url":"https:\/\/missionconclave.com\/es\/rezar-por-un-cardenal\/","name":"Rezar por un cardenal - Misi\u00f3n c\u00f3nclave","isPartOf":{"@id":"https:\/\/missionconclave.com\/es\/#website"},"datePublished":"2025-05-01T08:34:53+00:00","breadcrumb":{"@id":"https:\/\/missionconclave.com\/es\/rezar-por-un-cardenal\/#breadcrumb"},"inLanguage":"fr-FR","potentialAction":[{"@type":"ReadAction","target":["https:\/\/missionconclave.com\/es\/rezar-por-un-cardenal\/"]}]},{"@type":"BreadcrumbList","@id":"https:\/\/missionconclave.com\/es\/rezar-por-un-cardenal\/#breadcrumb","itemListElement":[{"@type":"ListItem","position":1,"name":"Accueil","item":"https:\/\/missionconclave.com\/es\/"},{"@type":"ListItem","position":2,"name":"Rezar por un cardenal"}]},{"@type":"WebSite","@id":"https:\/\/missionconclave.com\/es\/#website","url":"https:\/\/missionconclave.com\/es\/","name":"Misi\u00f3n c\u00f3nclave","description":"Reciba el nombre de un cardenal y rece por \u00e9l","potentialAction":[{"@type":"SearchAction","target":{"@type":"EntryPoint","urlTemplate":"https:\/\/missionconclave.com\/es\/?s={search_term_string}"},"query-input":{"@type":"PropertyValueSpecification","valueRequired":true,"valueName":"search_term_string"}}],"inLanguage":"fr-FR"}]}},"_links":{"self":[{"href":"https:\/\/missionconclave.com\/es\/wp-json\/wp\/v2\/pages\/59","targetHints":{"allow":["GET"]}}],"collection":[{"href":"https:\/\/missionconclave.com\/es\/wp-json\/wp\/v2\/pages"}],"about":[{"href":"https:\/\/missionconclave.com\/es\/wp-json\/wp\/v2\/types\/page"}],"author":[{"embeddable":true,"href":"https:\/\/missionconclave.com\/es\/wp-json\/wp\/v2\/users\/1"}],"replies":[{"embeddable":true,"href":"https:\/\/missionconclave.com\/es\/wp-json\/wp\/v2\/comments?post=59"}],"version-history":[{"count":1,"href":"https:\/\/missionconclave.com\/es\/wp-json\/wp\/v2\/pages\/59\/revisions"}],"predecessor-version":[{"id":60,"href":"https:\/\/missionconclave.com\/es\/wp-json\/wp\/v2\/pages\/59\/revisions\/60"}],"wp:featuredmedia":[{"embeddable":true,"href":"https:\/\/missionconclave.com\/es\/wp-json\/"}],"wp:attachment":[{"href":"https:\/\/missionconclave.com\/es\/wp-json\/wp\/v2\/media?parent=59"}],"curies":[{"name":"wp","href":"https:\/\/api.w.org\/{rel}","templated":true}]}}