{"id":55,"date":"2019-05-27T13:31:44","date_gmt":"2019-05-27T13:31:44","guid":{"rendered":"https:\/\/missionconclave.com\/es\/?page_id=2"},"modified":"2025-05-07T10:04:51","modified_gmt":"2025-05-07T10:04:51","slug":"home","status":"publish","type":"page","link":"https:\/\/missionconclave.com\/es\/","title":{"rendered":"Home"},"content":{"rendered":"","protected":false},"excerpt":{"rendered":"","protected":false},"author":1,"featured_media":0,"parent":0,"menu_order":0,"comment_status":"open","ping_status":"open","template":"","meta":{"_monsterinsights_skip_tracking":false,"_monsterinsights_sitenote_active":false,"_monsterinsights_sitenote_note":"","_monsterinsights_sitenote_category":0,"_uf_show_specific_survey":0,"_uf_disable_surveys":false,"footnotes":""},"class_list":["post-55","page","type-page","status-publish","hentry"],"yoast_head":"<!-- This site is optimized with the Yoast SEO plugin v25.0 - https:\/\/yoast.com\/wordpress\/plugins\/seo\/ -->\n<title>Home - Misi\u00f3n c\u00f3nclave<\/title>\n<meta name=\"robots\" content=\"index, follow, max-snippet:-1, max-image-preview:large, max-video-preview:-1\" \/>\n<link rel=\"canonical\" href=\"https:\/\/missionconclave.com\/es\/\" \/>\n<meta property=\"og:locale\" content=\"fr_FR\" \/>\n<meta property=\"og:type\" content=\"article\" \/>\n<meta property=\"og:title\" content=\"Home - Misi\u00f3n c\u00f3nclave\" \/>\n<meta property=\"og:url\" content=\"https:\/\/missionconclave.com\/es\/\" \/>\n<meta property=\"og:site_name\" content=\"Misi\u00f3n c\u00f3nclave\" \/>\n<meta property=\"article:modified_time\" content=\"2025-05-07T10:04:51+00:00\" \/>\n<meta name=\"twitter:card\" content=\"summary_large_image\" \/>\n<script type=\"application\/ld+json\" class=\"yoast-schema-graph\">{\"@context\":\"https:\/\/schema.org\",\"@graph\":[{\"@type\":\"WebPage\",\"@id\":\"https:\/\/missionconclave.com\/es\/\",\"url\":\"https:\/\/missionconclave.com\/es\/\",\"name\":\"Home - Misi\u00f3n c\u00f3nclave\",\"isPartOf\":{\"@id\":\"https:\/\/missionconclave.com\/es\/#website\"},\"datePublished\":\"2019-05-27T13:31:44+00:00\",\"dateModified\":\"2025-05-07T10:04:51+00:00\",\"breadcrumb\":{\"@id\":\"https:\/\/missionconclave.com\/es\/#breadcrumb\"},\"inLanguage\":\"fr-FR\",\"potentialAction\":[{\"@type\":\"ReadAction\",\"target\":[\"https:\/\/missionconclave.com\/es\/\"]}]},{\"@type\":\"BreadcrumbList\",\"@id\":\"https:\/\/missionconclave.com\/es\/#breadcrumb\",\"itemListElement\":[{\"@type\":\"ListItem\",\"position\":1,\"name\":\"Accueil\",\"item\":\"https:\/\/missionconclave.com\/es\/\"},{\"@type\":\"ListItem\",\"position\":2,\"name\":\"Home\"}]},{\"@type\":\"WebSite\",\"@id\":\"https:\/\/missionconclave.com\/es\/#website\",\"url\":\"https:\/\/missionconclave.com\/es\/\",\"name\":\"Misi\u00f3n c\u00f3nclave\",\"description\":\"Reciba el nombre de un cardenal y rece por \u00e9l\",\"potentialAction\":[{\"@type\":\"SearchAction\",\"target\":{\"@type\":\"EntryPoint\",\"urlTemplate\":\"https:\/\/missionconclave.com\/es\/?s={search_term_string}\"},\"query-input\":{\"@type\":\"PropertyValueSpecification\",\"valueRequired\":true,\"valueName\":\"search_term_string\"}}],\"inLanguage\":\"fr-FR\"}]}<\/script>\n<!-- \/ Yoast SEO plugin. -->","yoast_head_json":{"title":"Home - Misi\u00f3n c\u00f3nclave","robots":{"index":"index","follow":"follow","max-snippet":"max-snippet:-1","max-image-preview":"max-image-preview:large","max-video-preview":"max-video-preview:-1"},"canonical":"https:\/\/missionconclave.com\/es\/","og_locale":"fr_FR","og_type":"article","og_title":"Home - Misi\u00f3n c\u00f3nclave","og_url":"https:\/\/missionconclave.com\/es\/","og_site_name":"Misi\u00f3n c\u00f3nclave","article_modified_time":"2025-05-07T10:04:51+00:00","twitter_card":"summary_large_image","schema":{"@context":"https:\/\/schema.org","@graph":[{"@type":"WebPage","@id":"https:\/\/missionconclave.com\/es\/","url":"https:\/\/missionconclave.com\/es\/","name":"Home - Misi\u00f3n c\u00f3nclave","isPartOf":{"@id":"https:\/\/missionconclave.com\/es\/#website"},"datePublished":"2019-05-27T13:31:44+00:00","dateModified":"2025-05-07T10:04:51+00:00","breadcrumb":{"@id":"https:\/\/missionconclave.com\/es\/#breadcrumb"},"inLanguage":"fr-FR","potentialAction":[{"@type":"ReadAction","target":["https:\/\/missionconclave.com\/es\/"]}]},{"@type":"BreadcrumbList","@id":"https:\/\/missionconclave.com\/es\/#breadcrumb","itemListElement":[{"@type":"ListItem","position":1,"name":"Accueil","item":"https:\/\/missionconclave.com\/es\/"},{"@type":"ListItem","position":2,"name":"Home"}]},{"@type":"WebSite","@id":"https:\/\/missionconclave.com\/es\/#website","url":"https:\/\/missionconclave.com\/es\/","name":"Misi\u00f3n c\u00f3nclave","description":"Reciba el nombre de un cardenal y rece por \u00e9l","potentialAction":[{"@type":"SearchAction","target":{"@type":"EntryPoint","urlTemplate":"https:\/\/missionconclave.com\/es\/?s={search_term_string}"},"query-input":{"@type":"PropertyValueSpecification","valueRequired":true,"valueName":"search_term_string"}}],"inLanguage":"fr-FR"}]}},"_links":{"self":[{"href":"https:\/\/missionconclave.com\/es\/wp-json\/wp\/v2\/pages\/55","targetHints":{"allow":["GET"]}}],"collection":[{"href":"https:\/\/missionconclave.com\/es\/wp-json\/wp\/v2\/pages"}],"about":[{"href":"https:\/\/missionconclave.com\/es\/wp-json\/wp\/v2\/types\/page"}],"author":[{"embeddable":true,"href":"https:\/\/missionconclave.com\/es\/wp-json\/wp\/v2\/users\/1"}],"replies":[{"embeddable":true,"href":"https:\/\/missionconclave.com\/es\/wp-json\/wp\/v2\/comments?post=55"}],"version-history":[{"count":0,"href":"https:\/\/missionconclave.com\/es\/wp-json\/wp\/v2\/pages\/55\/revisions"}],"wp:attachment":[{"href":"https:\/\/missionconclave.com\/es\/wp-json\/wp\/v2\/media?parent=55"}],"curies":[{"name":"wp","href":"https:\/\/api.w.org\/{rel}","templated":true}]}}